{"id":9,"date":"2021-06-09T21:51:50","date_gmt":"2021-06-09T19:51:50","guid":{"rendered":"http:\/\/www.azavocats.com\/?page_id=9"},"modified":"2021-06-09T23:07:49","modified_gmt":"2021-06-09T21:07:49","slug":"domaines-de-competences","status":"publish","type":"page","link":"https:\/\/www.azavocats.com\/?page_id=9","title":{"rendered":"Domaines de comp\u00e9tences"},"content":{"rendered":"\r\n\r\n\r\n<p>Ma\u00eetre Hanna AZOUELOS couvre l\u2019ensemble des facettes du droit social, aussi bien dans le domaine du conseil\u00a0 que dans la gestion de contentieux.<\/p>\r\n\r\n\r\n\r\n<p>Le cabinet b\u00e9n\u00e9ficie d\u2019une exp\u00e9rience particuli\u00e8rement marqu\u00e9e en mati\u00e8re de relations individuelles de travail et son intervention enveloppe tant la phase amiable que la phase contentieuse du dossier.<\/p>\r\n\r\n\r\n\r\n<p>En mati\u00e8re de contentieux, le cabinet repr\u00e9sente r\u00e9guli\u00e8rement les salari\u00e9s devant les juridictions nationales tant en premi\u00e8re instance que devant la Cour d\u2019Appel.<\/p>\r\n\r\n<div id=\"sconnect-is-installed\" style=\"display: none;\">\u00a0<\/div>\r\n<div id=\"sconnect-is-installed\" style=\"display: none;\">\u00a0<\/div>\r\n<div id=\"sconnect-is-installed\" style=\"display: none;\">\u00a0<\/div>","protected":false},"excerpt":{"rendered":"<p>Ma\u00eetre Hanna AZOUELOS couvre l\u2019ensemble des facettes du droit social, aussi bien dans le domaine du conseil\u00a0 que dans la gestion de contentieux. Le cabinet b\u00e9n\u00e9ficie d\u2019une exp\u00e9rience particuli\u00e8rement marqu\u00e9e en mati\u00e8re de relations&#46;&#46;&#46;<\/p>\n","protected":false},"author":1,"featured_media":0,"parent":0,"menu_order":0,"comment_status":"closed","ping_status":"closed","template":"","meta":{"footnotes":""},"class_list":["post-9","page","type-page","status-publish","hentry"],"_links":{"self":[{"href":"https:\/\/www.azavocats.com\/index.php?rest_route=\/wp\/v2\/pages\/9","targetHints":{"allow":["GET"]}}],"collection":[{"href":"https:\/\/www.azavocats.com\/index.php?rest_route=\/wp\/v2\/pages"}],"about":[{"href":"https:\/\/www.azavocats.com\/index.php?rest_route=\/wp\/v2\/types\/page"}],"author":[{"embeddable":true,"href":"https:\/\/www.azavocats.com\/index.php?rest_route=\/wp\/v2\/users\/1"}],"replies":[{"embeddable":true,"href":"https:\/\/www.azavocats.com\/index.php?rest_route=%2Fwp%2Fv2%2Fcomments&post=9"}],"version-history":[{"count":4,"href":"https:\/\/www.azavocats.com\/index.php?rest_route=\/wp\/v2\/pages\/9\/revisions"}],"predecessor-version":[{"id":35,"href":"https:\/\/www.azavocats.com\/index.php?rest_route=\/wp\/v2\/pages\/9\/revisions\/35"}],"wp:attachment":[{"href":"https:\/\/www.azavocats.com\/index.php?rest_route=%2Fwp%2Fv2%2Fmedia&parent=9"}],"curies":[{"name":"wp","href":"https:\/\/api.w.org\/{rel}","templated":true}]}}