{"id":5,"date":"2021-06-09T21:20:37","date_gmt":"2021-06-09T19:20:37","guid":{"rendered":"http:\/\/www.azavocats.com\/?page_id=5"},"modified":"2025-12-08T13:21:40","modified_gmt":"2025-12-08T12:21:40","slug":"presentation","status":"publish","type":"page","link":"https:\/\/www.azavocats.com\/","title":{"rendered":"Pr\u00e9sentation"},"content":{"rendered":"<p><img loading=\"lazy\" decoding=\"async\" class=\"alignnone wp-image-111 size-medium\" src=\"https:\/\/www.azavocats.com\/wp-content\/uploads\/2025\/01\/\u00a9StudioCabrelli-6897-300x300.jpg\" alt=\"\" width=\"300\" height=\"300\" srcset=\"https:\/\/www.azavocats.com\/wp-content\/uploads\/2025\/01\/\u00a9StudioCabrelli-6897-300x300.jpg 300w, https:\/\/www.azavocats.com\/wp-content\/uploads\/2025\/01\/\u00a9StudioCabrelli-6897-1024x1024.jpg 1024w, https:\/\/www.azavocats.com\/wp-content\/uploads\/2025\/01\/\u00a9StudioCabrelli-6897-150x150.jpg 150w, https:\/\/www.azavocats.com\/wp-content\/uploads\/2025\/01\/\u00a9StudioCabrelli-6897-768x768.jpg 768w, https:\/\/www.azavocats.com\/wp-content\/uploads\/2025\/01\/\u00a9StudioCabrelli-6897-1536x1536.jpg 1536w, https:\/\/www.azavocats.com\/wp-content\/uploads\/2025\/01\/\u00a9StudioCabrelli-6897-2048x2048.jpg 2048w, https:\/\/www.azavocats.com\/wp-content\/uploads\/2025\/01\/\u00a9StudioCabrelli-6897-80x80.jpg 80w, https:\/\/www.azavocats.com\/wp-content\/uploads\/2025\/01\/\u00a9StudioCabrelli-6897-320x320.jpg 320w, https:\/\/www.azavocats.com\/wp-content\/uploads\/2025\/01\/\u00a9StudioCabrelli-6897-720x720.jpg 720w, https:\/\/www.azavocats.com\/wp-content\/uploads\/2025\/01\/\u00a9StudioCabrelli-6897-520x520.jpg 520w\" sizes=\"auto, (max-width: 300px) 100vw, 300px\" \/><\/p>\r\n\r\n<p data-start=\"236\" data-end=\"416\"><strong data-start=\"236\" data-end=\"416\">Le cabinet Hanna AZOUELOS vous accompagne dans toutes les probl\u00e9matiques li\u00e9es au droit du travail : conseil, n\u00e9gociation de d\u00e9part et contentieux.<\/strong><\/p>\r\n<p data-start=\"418\" data-end=\"796\">Avocate au Barreau de Paris depuis 2011, <strong data-start=\"459\" data-end=\"534\">Laur\u00e9ate de l\u2019\u00e9preuve de plaidoirie \u00e0 l\u2019\u00c9cole de Formation des Barreaux<\/strong>, Ma\u00eetre Hanna AZOUELOS exerce exclusivement en droit social depuis plus de dix ans. Elle intervient aupr\u00e8s de cadres, cadres dirigeants, ainsi qu\u2019aupr\u00e8s de directions des ressources humaines, avec une exigence constante de strat\u00e9gie et d\u2019efficacit\u00e9.<\/p>\r\n<p data-start=\"798\" data-end=\"1229\">Sa pratique repose sur une analyse juridique rigoureuse, une compr\u00e9hension fine des enjeux humains et organisationnels, et une r\u00e9activit\u00e9 essentielle dans la conduite des dossiers. Chaque situation fait l\u2019objet d\u2019un accompagnement sur-mesure, permettant d\u2019anticiper les risques, de prot\u00e9ger les int\u00e9r\u00eats en pr\u00e9sence et, lorsque cela est n\u00e9cessaire, de d\u00e9fendre fermement les droits de ses clients devant la juridiction prud\u2019homale.<\/p>\r\n<p data-start=\"1231\" data-end=\"1320\">Au c\u0153ur de son approche : l\u2019\u00e9coute, la transparence et l\u2019int\u00e9grit\u00e9 des conseils d\u00e9livr\u00e9s.<\/p>\r\n<p data-start=\"1322\" data-end=\"1509\">Install\u00e9e \u00e0 Paris, Ma\u00eetre Hanna AZOUELOS vous accompagne \u00e0 chaque \u00e9tape de la relation de travail pour s\u00e9curiser vos d\u00e9cisions et construire une issue adapt\u00e9e \u00e0 vos enjeux professionnels.<\/p>\r\n<hr data-start=\"1576\" data-end=\"1579\" \/>","protected":false},"excerpt":{"rendered":"<p>Le cabinet Hanna AZOUELOS vous accompagne dans toutes les probl\u00e9matiques li\u00e9es au droit du travail : conseil, n\u00e9gociation de d\u00e9part et contentieux. Avocate au Barreau de Paris depuis 2011, Laur\u00e9ate de l\u2019\u00e9preuve de plaidoirie&#46;&#46;&#46;<\/p>\n","protected":false},"author":1,"featured_media":0,"parent":0,"menu_order":0,"comment_status":"closed","ping_status":"closed","template":"","meta":{"footnotes":""},"class_list":["post-5","page","type-page","status-publish","hentry"],"_links":{"self":[{"href":"https:\/\/www.azavocats.com\/index.php?rest_route=\/wp\/v2\/pages\/5","targetHints":{"allow":["GET"]}}],"collection":[{"href":"https:\/\/www.azavocats.com\/index.php?rest_route=\/wp\/v2\/pages"}],"about":[{"href":"https:\/\/www.azavocats.com\/index.php?rest_route=\/wp\/v2\/types\/page"}],"author":[{"embeddable":true,"href":"https:\/\/www.azavocats.com\/index.php?rest_route=\/wp\/v2\/users\/1"}],"replies":[{"embeddable":true,"href":"https:\/\/www.azavocats.com\/index.php?rest_route=%2Fwp%2Fv2%2Fcomments&post=5"}],"version-history":[{"count":10,"href":"https:\/\/www.azavocats.com\/index.php?rest_route=\/wp\/v2\/pages\/5\/revisions"}],"predecessor-version":[{"id":119,"href":"https:\/\/www.azavocats.com\/index.php?rest_route=\/wp\/v2\/pages\/5\/revisions\/119"}],"wp:attachment":[{"href":"https:\/\/www.azavocats.com\/index.php?rest_route=%2Fwp%2Fv2%2Fmedia&parent=5"}],"curies":[{"name":"wp","href":"https:\/\/api.w.org\/{rel}","templated":true}]}}